{"id":21,"date":"2011-12-16T12:38:35","date_gmt":"2011-12-16T12:38:35","guid":{"rendered":"http:\/\/www.water-dog.net\/?page_id=21"},"modified":"2022-06-29T19:57:37","modified_gmt":"2022-06-29T19:57:37","slug":"rasseeigenschaften","status":"publish","type":"page","link":"https:\/\/www.water-dog.net\/?page_id=21","title":{"rendered":"Rasseeigenschaften"},"content":{"rendered":"<p>Der <strong>Portugiesische Wasserhund<\/strong> geh\u00f6rt zur FCI-Gruppe 8, den Apportier-, St\u00f6ber-, und Wasserhunden, Sektion 3, Wasserhunde, ohne Arbeitspr\u00fcfung.<\/p>\n<p>Der <strong>Portugiesische Wasserhund<\/strong> <em><strong>(Cao de Agua Portugues)<\/strong><\/em> ist eine heute sehr seltene Hunderasse.<br \/>\nEr war unzertrennlicher Gef\u00e4hrte der Fischer als Hilfe beim Netz einholen, zur Bewachung der Boote und auch als \u00dcberbringer der Nachrichten von Boot zu Boot.<\/p>\n<p>Es sind mittelgro\u00df, nicht haarende Hunde. Da sie nicht haaren sind sie besonders f\u00fcr Allergiker geeignet, ohne typischen Hunde-Geruch. Sie haben keinen Jagdtrieb, kl\u00e4ffen nicht und sind unkompliziert<\/p>\n<p>Der <strong>Portugiesische Wasserhund<\/strong> ist ein au\u00dfergew\u00f6hnlich intelligenter, arbeitsfreudiger und gehorsamer Hund. Porties sind <strong>sehr kluge Hunde<\/strong> und k\u00f6nnen daher umfangreich ausgebildet und erzogen werden. Der Portie ist ein fr\u00f6hlicher und vor allem sehr aktiver und bewegungsfreudiger Hund.<\/p>\n<p>Er ist&nbsp;ein Rudeltier und lebt <strong>gerne in der Gesellschaft<\/strong> von anderen Hunden und Menschen.<\/p>\n<p>Wenn die Hunde vorher und nachher sch\u00f6n ausgelastet werden, ist auch allein bleiben kein Problem.<\/p>\n<p>Seine Erziehung bereitet keine Probleme, denn er lernt gern und schnell. Er geht gut mit Kindern um, ebenso mit anderen Hunden und Haustieren. Ist wachsam, aber kein Kl\u00e4ffer. Da er sehr lernbegierig ist, ist er vielseitig einsetzbar <strong>Obedience oder Freizeitsport, Agility.<\/strong><br \/>\nWegen seines sanften und ausgeglichenen Wesen mit sehr hoher Reizschwelle wird der <strong>Portugiesische Wasserhund<\/strong> mit Erfolg auch als Therapiehund eingesetzt.<\/p>\n<p>Gerade im Umgang mit Kindern erweisen sich die meisten Wasserhunde als au\u00dferordentlich r\u00fccksichtsvoll und sanft.<\/p>\n<p>Portis zeigen keine&nbsp;Aggression. Diese <strong>soziale Orientierung<\/strong> bildet die Basis f\u00fcr die beispiellose <strong>Eignung des&nbsp;Portugiesischen Wasserhundes zum Familienhund<\/strong>.<\/p>\n<p>Seine <strong>Kinderfreundlichkeit<\/strong> sowie seine <strong>Geduld mit Kindern<\/strong> ist nahezu unerm\u00fcdlich.&nbsp;Sein Wesen ist fast immer als <strong>gutgelaunt<\/strong> und <strong>fr\u00f6hlich<\/strong> zu bezeichnen. Er wird Ihnen ein <strong>sanfter und treuer Begleiter<\/strong> sein.&nbsp;Ihr geduldiges, lebhaftes und fr\u00f6hliches Wesen macht sie zum <strong>perfekten Familienhund<\/strong>.<\/p>\n<p>Die meisten Portugiesische Wasserhunde sind ausgesprochene Wasserratten. Man sollte sie so oft wie m\u00f6glich schwimmen und aus dem Wasser apportieren lassen und andere Aktivit\u00e4ten im Wasser erm\u00f6glichen.&nbsp; Aufgrund dieser von seinen Vorfahren ererbten Eigenschaft, kann der <strong>Portugiesische Wasserhund<\/strong> f\u00fcr viele Dienste im und am Wasser ausgebildet werden.<\/p>\n<p><strong>Aussehen des Portugiesischen Wasserhundes<\/strong><br \/>\nDer R\u00fcde hat etwa eine Schulterh\u00f6he von 50 bis 57 cm, die H\u00fcndin hat etwa eine Schulterh\u00f6he von 43 bis 52 cm.<br \/>\nDen <strong>Portugiesischen Wasserhund<\/strong> gibt es mit zwei verschiedenen Haarvarianten. Der eine hat mittellanges, gekr\u00e4useltes, hartes und mattes Haar und der andere hat langes, weiches, gewelltes und seidig gl\u00e4nzendes Haar.<br \/>\nDie Farbe ist Schwarz, Braun, mit mehr oder weniger wei\u00dfen Abzeichen, selten ganz wei\u00df.<\/p>\n<p><strong>Pflege des Portugiesischen Wasserhundes<\/strong><br \/>\nDas alte Haar wird vom nachwachsenden Haar festgehalten. Und tats\u00e4chlich finden sich selbst im Haus kaum Haare. Durch gr\u00fcndliches B\u00fcrsten 1 mal die Woche werden die alten Haare entfernt und einer Verfilzung des feinen Fells vorgebeugt.<br \/>\nEmpfehlenswert ist eine Schur zur warmen Jahreszeit, dadurch hat man einen sehr pflegeleichten Hund.<\/p>\n<p>Auf Ausstellungen wird eine L\u00f6wenschur (Lion-Clip) gefordert. F\u00fcr Hunde die nicht auf Ausstellungen gehen,&nbsp; kann das Fell auf eine einheitliche L\u00e4nge (Retriever-Clip) gek\u00fcrzt werden.<br \/>\nIm Ohr wachsen st\u00e4ndig feine H\u00e4rchen nach, die regelm\u00e4\u00dfig ausgezupft werden m\u00fcssen, um eine Ohrenentz\u00fcndung zu vermeiden.<\/p>\n","protected":false},"excerpt":{"rendered":"<p>Der Portugiesische Wasserhund geh\u00f6rt zur FCI-Gruppe 8, den Apportier-, St\u00f6ber-, und Wasserhunden, Sektion 3, Wasserhunde, ohne Arbeitspr\u00fcfung. Der Portugiesische Wasserhund (Cao de Agua Portugues) ist eine heute sehr seltene Hunderasse. Er war unzertrennlicher Gef\u00e4hrte der Fischer als Hilfe beim Netz &hellip; <a href=\"https:\/\/www.water-dog.net\/?page_id=21\">Weiterlesen <span class=\"meta-nav\">&rarr;<\/span><\/a><\/p>\n","protected":false},"author":357,"featured_media":0,"parent":0,"menu_order":0,"comment_status":"closed","ping_status":"closed","template":"sidebar-page.php","meta":[],"_links":{"self":[{"href":"https:\/\/www.water-dog.net\/index.php?rest_route=\/wp\/v2\/pages\/21"}],"collection":[{"href":"https:\/\/www.water-dog.net\/index.php?rest_route=\/wp\/v2\/pages"}],"about":[{"href":"https:\/\/www.water-dog.net\/index.php?rest_route=\/wp\/v2\/types\/page"}],"author":[{"embeddable":true,"href":"https:\/\/www.water-dog.net\/index.php?rest_route=\/wp\/v2\/users\/357"}],"replies":[{"embeddable":true,"href":"https:\/\/www.water-dog.net\/index.php?rest_route=%2Fwp%2Fv2%2Fcomments&post=21"}],"version-history":[{"count":19,"href":"https:\/\/www.water-dog.net\/index.php?rest_route=\/wp\/v2\/pages\/21\/revisions"}],"predecessor-version":[{"id":1594,"href":"https:\/\/www.water-dog.net\/index.php?rest_route=\/wp\/v2\/pages\/21\/revisions\/1594"}],"wp:attachment":[{"href":"https:\/\/www.water-dog.net\/index.php?rest_route=%2Fwp%2Fv2%2Fmedia&parent=21"}],"curies":[{"name":"wp","href":"https:\/\/api.w.org\/{rel}","templated":true}]}}